{"id":2854,"date":"2023-03-20T10:22:48","date_gmt":"2023-03-20T10:22:48","guid":{"rendered":"https:\/\/mycheckin.ch\/location\/"},"modified":"2025-11-27T10:41:08","modified_gmt":"2025-11-27T10:41:08","slug":"location","status":"publish","type":"page","link":"https:\/\/mycheckin.ch\/en\/location\/","title":{"rendered":"Location"},"content":{"rendered":"\n<div class=\"wp-block-columns is-layout-flex wp-container-core-columns-is-layout-9d6595d7 wp-block-columns-is-layout-flex\">\n<div class=\"wp-block-column is-layout-flow wp-block-column-is-layout-flow\">\n<div class=\"wp-block-cover has-white-color has-text-color has-link-color has-medium-font-size wp-elements-769d24e9c3b8691803ec969024c60197\" style=\"min-height:50px;aspect-ratio:unset;\"><span aria-hidden=\"true\" class=\"wp-block-cover__background has-background-dim-100 has-background-dim\" style=\"background-color:#c2006b\"><\/span><div class=\"wp-block-cover__inner-container is-layout-constrained wp-block-cover-is-layout-constrained\">\n<p>From <strong>17 November 2025<\/strong>, we will be at Lintheschergasse 17 &#8211; centrally located in the heart of the city, right next to Zurich main station. <\/p>\n<\/div><\/div>\n\n\n\n<div style=\"height:20px\" aria-hidden=\"true\" class=\"wp-block-spacer\"><\/div>\n\n\n\n<div style=\"height:20px\" aria-hidden=\"true\" class=\"wp-block-spacer\"><\/div>\n\n\n\n<p>Lintheschergasse 17 in Zurich is very easy to reach by public transport, as it is located in the immediate vicinity of Zurich&#8217;s main train station.  <\/p>\n\n\n\n<div style=\"height:20px\" aria-hidden=\"true\" class=\"wp-block-spacer\"><\/div>\n\n\n\n<h2 class=\"wp-block-heading\">How to find us by public transport<\/h2>\n\n\n\n<p>The nearest and main transportation hub is <strong>Zurich main station (HB)<\/strong>. From there, Lintheschergasse 17 is just a few minutes&#8217; walk away:   <\/p>\n\n\n\n<p><strong>By streetcar or bus to the stops &#8220;Bahnhofstrasse\/HB&#8221; or &#8220;Bahnhofquai\/HB&#8221;:<\/strong> There are numerous streetcar (e.g. lines 2, 6, 7, 8, 9, 10, 11, 13, 14, 17) and bus lines that stop at these stops directly in front of the main station.<\/p>\n\n\n\n<p>From there, it is also only a few steps to Lintheschergasse 17.  <\/p>\n\n\n\n<div style=\"height:20px\" aria-hidden=\"true\" class=\"wp-block-spacer\"><\/div>\n\n\n\n<h2 class=\"wp-block-heading\">How to find us on foot<\/h2>\n\n\n\n<p><strong>From the main station (HB):<\/strong><\/p>\n\n\n\n<ul class=\"wp-block-list\">\n<li>Lintheschergasse is a parallel street to Bahnhofstrasse and can be reached quickly (about 3-5 minutes on foot).<\/li>\n\n\n\n<li>Walk through the Bahnhofpassage or across Bahnhofplatz in the direction of Bahnhofstrasse.<\/li>\n<\/ul>\n\n\n\n<p><strong>From L\u00f6wenplatz:<\/strong><\/p>\n\n\n\n<p>Lintheschergasse 17 is very easy to reach on foot from L\u00f6wenplatz, as the two locations are only around 200 meters apart.  <\/p>\n\n\n\n<ol start=\"1\" class=\"wp-block-list\">\n<li><strong>Start at L\u00f6wenplatz: <\/strong>At the L\u00f6wenplatz streetcar stop, stand on the side of L\u00f6wenstrasse that leads towards Bahnhofstrasse.<\/li>\n\n\n\n<li><strong>Along L\u00f6wenstrasse:<\/strong> Walk along L\u00f6wenstrasse in the direction of Hauptbahnhof\/Bahnhofstrasse.<\/li>\n\n\n\n<li><strong>Turn right: <\/strong>After a very short distance (approx. 1-2 minutes on foot), you will see Lintheschergasse on the right-hand side.<\/li>\n\n\n\n<li><strong>Ziel<\/strong>: Biegen Sie rechts in die Lintheschergasse ein. Die Nummer 17 befindet sich auf dieser Strasse.  <\/li>\n<\/ol>\n\n\n\n<p>The entire walk only takes a few minutes. Alternatively, you can also use Schweizergasse, which runs parallel to L\u00f6wenstrasse and also leads into Lintheschergasse.   <\/p>\n\n\n\n<div style=\"height:20px\" aria-hidden=\"true\" class=\"wp-block-spacer\"><\/div>\n\n\n\n<h2 class=\"wp-block-heading\">How to find us by car<\/h2>\n\n\n\n<p>Access by car is possible, but the parking situation in downtown Zurich is tight. There are parking options in the surrounding area, e.g. in public parking garages. Lintheschergasse itself has several parking ticket machines. There is a parking facility in the inner courtyard with parking lot no. 19, which can be accessed via Lintheschergasse or via L\u00f6wenstrasse no. 56 between Mobile Zone and Lucid.   <\/p>\n\n\n\n<div style=\"height:20px\" aria-hidden=\"true\" class=\"wp-block-spacer\"><\/div>\n\n\n\n<h2 class=\"wp-block-heading\">Opening hours<\/h2>\n\n\n\n<p><strong>Monday and Thursday<\/strong><br\/>08.30\u201315.45 \/ 16.15\u201320.00 h<br\/><strong>Tuesday and Wednesday<\/strong><br\/>09.00\u201312.45 \/ 13.15-\u20137.00 h<br\/><strong>Friday<\/strong><br\/>07.00-\u201311.45 \/ 12.15\u201316.00 h<br\/><strong>Saturday<\/strong><br\/>11.00\u20135.00 h<br\/><br\/>Checkin the city is closed on all public holidays.<\/p>\n\n\n\n<div style=\"height:20px\" aria-hidden=\"true\" class=\"wp-block-spacer\"><\/div>\n\n\n\n<h2 class=\"wp-block-heading\">Address<\/h2>\n\n\n\n<div style=\"height:20px\" aria-hidden=\"true\" class=\"wp-block-spacer\"><\/div>\n\n\n\n<p class=\"has-text-color has-link-color wp-elements-458b1b0b4edc51e9f15c7e7d0b488e17\" style=\"color:#c2006b\"><strong>From 17 November 2025<\/strong><\/p>\n\n\n\n<p><strong>checkin the city<\/strong><br\/>Lintheschergasse 17<br\/>8001 Z\u00fcrich<br\/><br\/><a href=\"tel:0445004646\">044 500 46 46<\/a><br\/><a href=\"mailto:info@mycheckin.ch\">info@mycheckin.ch<\/a><\/p>\n\n\n\n<p><br\/><\/p>\n\n\n\n<iframe src=\"https:\/\/www.google.com\/maps\/embed?pb=!1m18!1m12!1m3!1d1350.8919893380769!2d8.534720135004008!3d47.37713452115024!2m3!1f0!2f0!3f0!3m2!1i1024!2i768!4f13.1!3m3!1m2!1s0x47900b6801ff70d5%3A0xf97dd94cc12463c8!2scheckin%20the%20city%20-%20STI-Tests%20-%20Z%C3%BCrich!5e0!3m2!1sde!2sch!4v1763372224743!5m2!1sde!2sch\" width=\"1920\" height=\"450\" style=\"border:0;\" allowfullscreen=\"\" loading=\"lazy\" referrerpolicy=\"no-referrer-when-downgrade\"><\/iframe>\n<\/div>\n<\/div>\n","protected":false},"excerpt":{"rendered":"<p>Lintheschergasse 17 in Zurich is very easy to reach by public transport, as it is located in the immediate vicinity of Zurich&#8217;s main train station. How to find us by public transport The nearest and main transportation hub is Zurich main station (HB). From there, Lintheschergasse 17 is just a few minutes&#8217; walk away: By &hellip; <\/p>\n","protected":false},"author":3,"featured_media":4522,"parent":0,"menu_order":36,"comment_status":"closed","ping_status":"closed","template":"","meta":{"footnotes":""},"class_list":["post-2854","page","type-page","status-publish","has-post-thumbnail","hentry","latest_post"],"yoast_head":"<!-- This site is optimized with the Yoast SEO plugin v27.5 - https:\/\/yoast.com\/product\/yoast-seo-wordpress\/ -->\n<title>Location - checkin in the city - Z\u00fcrich<\/title>\n<meta name=\"description\" content=\"Die Lintheschergasse 17 in Z\u00fcrich ist sehr gut mit \u00f6ffentlichen Verkehrsmitteln zu erreichen - beim Hauptbahnhof Z\u00fcrich.\" \/>\n<meta name=\"robots\" content=\"index, follow, max-snippet:-1, max-image-preview:large, max-video-preview:-1\" \/>\n<link rel=\"canonical\" href=\"https:\/\/mycheckin.ch\/en\/location\/\" \/>\n<meta property=\"og:locale\" content=\"en_US\" \/>\n<meta property=\"og:type\" content=\"article\" \/>\n<meta property=\"og:title\" content=\"Location - checkin in the city - Z\u00fcrich\" \/>\n<meta property=\"og:description\" content=\"Die Lintheschergasse 17 in Z\u00fcrich ist sehr gut mit \u00f6ffentlichen Verkehrsmitteln zu erreichen - beim Hauptbahnhof Z\u00fcrich.\" \/>\n<meta property=\"og:url\" content=\"https:\/\/mycheckin.ch\/en\/location\/\" \/>\n<meta property=\"og:site_name\" content=\"checkin in the city - Z\u00fcrich\" \/>\n<meta property=\"article:publisher\" content=\"https:\/\/www.facebook.com\/checkinAG\/yoast\" \/>\n<meta property=\"article:modified_time\" content=\"2025-11-27T10:41:08+00:00\" \/>\n<meta property=\"og:image\" content=\"https:\/\/mycheckin.ch\/wp-content\/uploads\/2025\/11\/sti-tests-checkin-e.jpg\" \/>\n\t<meta property=\"og:image:width\" content=\"1170\" \/>\n\t<meta property=\"og:image:height\" content=\"578\" \/>\n\t<meta property=\"og:image:type\" content=\"image\/jpeg\" \/>\n<meta name=\"twitter:card\" content=\"summary_large_image\" \/>\n<meta name=\"twitter:label1\" content=\"Est. reading time\" \/>\n\t<meta name=\"twitter:data1\" content=\"3 minutes\" \/>\n<script type=\"application\/ld+json\" class=\"yoast-schema-graph\">{\"@context\":\"https:\\\/\\\/schema.org\",\"@graph\":[{\"@type\":\"WebPage\",\"@id\":\"https:\\\/\\\/mycheckin.ch\\\/en\\\/location\\\/\",\"url\":\"https:\\\/\\\/mycheckin.ch\\\/en\\\/location\\\/\",\"name\":\"Location - checkin in the city - Z\u00fcrich\",\"isPartOf\":{\"@id\":\"https:\\\/\\\/mycheckin.ch\\\/en\\\/#website\"},\"primaryImageOfPage\":{\"@id\":\"https:\\\/\\\/mycheckin.ch\\\/en\\\/location\\\/#primaryimage\"},\"image\":{\"@id\":\"https:\\\/\\\/mycheckin.ch\\\/en\\\/location\\\/#primaryimage\"},\"thumbnailUrl\":\"https:\\\/\\\/mycheckin.ch\\\/wp-content\\\/uploads\\\/2025\\\/11\\\/sti-tests-checkin-e.jpg\",\"datePublished\":\"2023-03-20T10:22:48+00:00\",\"dateModified\":\"2025-11-27T10:41:08+00:00\",\"description\":\"Die Lintheschergasse 17 in Z\u00fcrich ist sehr gut mit \u00f6ffentlichen Verkehrsmitteln zu erreichen - beim Hauptbahnhof Z\u00fcrich.\",\"breadcrumb\":{\"@id\":\"https:\\\/\\\/mycheckin.ch\\\/en\\\/location\\\/#breadcrumb\"},\"inLanguage\":\"en-US\",\"potentialAction\":[{\"@type\":\"ReadAction\",\"target\":[\"https:\\\/\\\/mycheckin.ch\\\/en\\\/location\\\/\"]}]},{\"@type\":\"ImageObject\",\"inLanguage\":\"en-US\",\"@id\":\"https:\\\/\\\/mycheckin.ch\\\/en\\\/location\\\/#primaryimage\",\"url\":\"https:\\\/\\\/mycheckin.ch\\\/wp-content\\\/uploads\\\/2025\\\/11\\\/sti-tests-checkin-e.jpg\",\"contentUrl\":\"https:\\\/\\\/mycheckin.ch\\\/wp-content\\\/uploads\\\/2025\\\/11\\\/sti-tests-checkin-e.jpg\",\"width\":1170,\"height\":578,\"caption\":\"checkin the city, Linthescherstrasse 17, Zurich\"},{\"@type\":\"BreadcrumbList\",\"@id\":\"https:\\\/\\\/mycheckin.ch\\\/en\\\/location\\\/#breadcrumb\",\"itemListElement\":[{\"@type\":\"ListItem\",\"position\":1,\"name\":\"Home\",\"item\":\"https:\\\/\\\/mycheckin.ch\\\/en\\\/home\\\/\"},{\"@type\":\"ListItem\",\"position\":2,\"name\":\"Location\"}]},{\"@type\":\"WebSite\",\"@id\":\"https:\\\/\\\/mycheckin.ch\\\/en\\\/#website\",\"url\":\"https:\\\/\\\/mycheckin.ch\\\/en\\\/\",\"name\":\"checkin the city - Z\u00fcrich\",\"description\":\"checkin in the city ist eine Arztpraxis und Testzentrum mit Schwerpunkt HIV und andere sexuell \u00fcbertragbaren Infektionen, PEP, PrEP und Impfungen.\",\"publisher\":{\"@id\":\"https:\\\/\\\/mycheckin.ch\\\/en\\\/#organization\"},\"alternateName\":\"checkin in the city ist eine Arztpraxis und Testzentrum mit Schwerpunkt HIV und andere sexuell \u00fcbertragbaren Infektionen, PEP, PrEP und Impfungen.\",\"potentialAction\":[{\"@type\":\"SearchAction\",\"target\":{\"@type\":\"EntryPoint\",\"urlTemplate\":\"https:\\\/\\\/mycheckin.ch\\\/en\\\/?s={search_term_string}\"},\"query-input\":{\"@type\":\"PropertyValueSpecification\",\"valueRequired\":true,\"valueName\":\"search_term_string\"}}],\"inLanguage\":\"en-US\"},{\"@type\":\"Organization\",\"@id\":\"https:\\\/\\\/mycheckin.ch\\\/en\\\/#organization\",\"name\":\"checkin the city\",\"alternateName\":\"checkin AG\",\"url\":\"https:\\\/\\\/mycheckin.ch\\\/en\\\/\",\"logo\":{\"@type\":\"ImageObject\",\"inLanguage\":\"en-US\",\"@id\":\"https:\\\/\\\/mycheckin.ch\\\/en\\\/#\\\/schema\\\/logo\\\/image\\\/\",\"url\":\"https:\\\/\\\/mycheckin.ch\\\/wp-content\\\/uploads\\\/2025\\\/11\\\/checkin-thecity_RGB.svg\",\"contentUrl\":\"https:\\\/\\\/mycheckin.ch\\\/wp-content\\\/uploads\\\/2025\\\/11\\\/checkin-thecity_RGB.svg\",\"width\":1,\"height\":1,\"caption\":\"checkin the city\"},\"image\":{\"@id\":\"https:\\\/\\\/mycheckin.ch\\\/en\\\/#\\\/schema\\\/logo\\\/image\\\/\"},\"sameAs\":[\"https:\\\/\\\/www.facebook.com\\\/checkinAG\\\/yoast\",\"https:\\\/\\\/www.instagram.com\\\/checkin.zollhaus\\\/yoast\"]}]}<\/script>\n<!-- \/ Yoast SEO plugin. -->","yoast_head_json":{"title":"Location - checkin in the city - Z\u00fcrich","description":"Die Lintheschergasse 17 in Z\u00fcrich ist sehr gut mit \u00f6ffentlichen Verkehrsmitteln zu erreichen - beim Hauptbahnhof Z\u00fcrich.","robots":{"index":"index","follow":"follow","max-snippet":"max-snippet:-1","max-image-preview":"max-image-preview:large","max-video-preview":"max-video-preview:-1"},"canonical":"https:\/\/mycheckin.ch\/en\/location\/","og_locale":"en_US","og_type":"article","og_title":"Location - checkin in the city - Z\u00fcrich","og_description":"Die Lintheschergasse 17 in Z\u00fcrich ist sehr gut mit \u00f6ffentlichen Verkehrsmitteln zu erreichen - beim Hauptbahnhof Z\u00fcrich.","og_url":"https:\/\/mycheckin.ch\/en\/location\/","og_site_name":"checkin in the city - Z\u00fcrich","article_publisher":"https:\/\/www.facebook.com\/checkinAG\/yoast","article_modified_time":"2025-11-27T10:41:08+00:00","og_image":[{"width":1170,"height":578,"url":"https:\/\/mycheckin.ch\/wp-content\/uploads\/2025\/11\/sti-tests-checkin-e.jpg","type":"image\/jpeg"}],"twitter_card":"summary_large_image","twitter_misc":{"Est. reading time":"3 minutes"},"schema":{"@context":"https:\/\/schema.org","@graph":[{"@type":"WebPage","@id":"https:\/\/mycheckin.ch\/en\/location\/","url":"https:\/\/mycheckin.ch\/en\/location\/","name":"Location - checkin in the city - Z\u00fcrich","isPartOf":{"@id":"https:\/\/mycheckin.ch\/en\/#website"},"primaryImageOfPage":{"@id":"https:\/\/mycheckin.ch\/en\/location\/#primaryimage"},"image":{"@id":"https:\/\/mycheckin.ch\/en\/location\/#primaryimage"},"thumbnailUrl":"https:\/\/mycheckin.ch\/wp-content\/uploads\/2025\/11\/sti-tests-checkin-e.jpg","datePublished":"2023-03-20T10:22:48+00:00","dateModified":"2025-11-27T10:41:08+00:00","description":"Die Lintheschergasse 17 in Z\u00fcrich ist sehr gut mit \u00f6ffentlichen Verkehrsmitteln zu erreichen - beim Hauptbahnhof Z\u00fcrich.","breadcrumb":{"@id":"https:\/\/mycheckin.ch\/en\/location\/#breadcrumb"},"inLanguage":"en-US","potentialAction":[{"@type":"ReadAction","target":["https:\/\/mycheckin.ch\/en\/location\/"]}]},{"@type":"ImageObject","inLanguage":"en-US","@id":"https:\/\/mycheckin.ch\/en\/location\/#primaryimage","url":"https:\/\/mycheckin.ch\/wp-content\/uploads\/2025\/11\/sti-tests-checkin-e.jpg","contentUrl":"https:\/\/mycheckin.ch\/wp-content\/uploads\/2025\/11\/sti-tests-checkin-e.jpg","width":1170,"height":578,"caption":"checkin the city, Linthescherstrasse 17, Zurich"},{"@type":"BreadcrumbList","@id":"https:\/\/mycheckin.ch\/en\/location\/#breadcrumb","itemListElement":[{"@type":"ListItem","position":1,"name":"Home","item":"https:\/\/mycheckin.ch\/en\/home\/"},{"@type":"ListItem","position":2,"name":"Location"}]},{"@type":"WebSite","@id":"https:\/\/mycheckin.ch\/en\/#website","url":"https:\/\/mycheckin.ch\/en\/","name":"checkin the city - Z\u00fcrich","description":"checkin in the city ist eine Arztpraxis und Testzentrum mit Schwerpunkt HIV und andere sexuell \u00fcbertragbaren Infektionen, PEP, PrEP und Impfungen.","publisher":{"@id":"https:\/\/mycheckin.ch\/en\/#organization"},"alternateName":"checkin in the city ist eine Arztpraxis und Testzentrum mit Schwerpunkt HIV und andere sexuell \u00fcbertragbaren Infektionen, PEP, PrEP und Impfungen.","potentialAction":[{"@type":"SearchAction","target":{"@type":"EntryPoint","urlTemplate":"https:\/\/mycheckin.ch\/en\/?s={search_term_string}"},"query-input":{"@type":"PropertyValueSpecification","valueRequired":true,"valueName":"search_term_string"}}],"inLanguage":"en-US"},{"@type":"Organization","@id":"https:\/\/mycheckin.ch\/en\/#organization","name":"checkin the city","alternateName":"checkin AG","url":"https:\/\/mycheckin.ch\/en\/","logo":{"@type":"ImageObject","inLanguage":"en-US","@id":"https:\/\/mycheckin.ch\/en\/#\/schema\/logo\/image\/","url":"https:\/\/mycheckin.ch\/wp-content\/uploads\/2025\/11\/checkin-thecity_RGB.svg","contentUrl":"https:\/\/mycheckin.ch\/wp-content\/uploads\/2025\/11\/checkin-thecity_RGB.svg","width":1,"height":1,"caption":"checkin the city"},"image":{"@id":"https:\/\/mycheckin.ch\/en\/#\/schema\/logo\/image\/"},"sameAs":["https:\/\/www.facebook.com\/checkinAG\/yoast","https:\/\/www.instagram.com\/checkin.zollhaus\/yoast"]}]}},"_links":{"self":[{"href":"https:\/\/mycheckin.ch\/en\/wp-json\/wp\/v2\/pages\/2854","targetHints":{"allow":["GET"]}}],"collection":[{"href":"https:\/\/mycheckin.ch\/en\/wp-json\/wp\/v2\/pages"}],"about":[{"href":"https:\/\/mycheckin.ch\/en\/wp-json\/wp\/v2\/types\/page"}],"author":[{"embeddable":true,"href":"https:\/\/mycheckin.ch\/en\/wp-json\/wp\/v2\/users\/3"}],"replies":[{"embeddable":true,"href":"https:\/\/mycheckin.ch\/en\/wp-json\/wp\/v2\/comments?post=2854"}],"version-history":[{"count":18,"href":"https:\/\/mycheckin.ch\/en\/wp-json\/wp\/v2\/pages\/2854\/revisions"}],"predecessor-version":[{"id":4526,"href":"https:\/\/mycheckin.ch\/en\/wp-json\/wp\/v2\/pages\/2854\/revisions\/4526"}],"wp:featuredmedia":[{"embeddable":true,"href":"https:\/\/mycheckin.ch\/en\/wp-json\/wp\/v2\/media\/4522"}],"wp:attachment":[{"href":"https:\/\/mycheckin.ch\/en\/wp-json\/wp\/v2\/media?parent=2854"}],"curies":[{"name":"wp","href":"https:\/\/api.w.org\/{rel}","templated":true}]}}